{"id":23411,"date":"2021-02-19T18:19:40","date_gmt":"2021-02-19T18:19:40","guid":{"rendered":"https:\/\/www.eume.newhosting.me\/?page_id=23411"},"modified":"2024-09-11T17:43:01","modified_gmt":"2024-09-11T17:43:01","slug":"zio-wbif","status":"publish","type":"page","link":"https:\/\/eume-new.webexperts.me\/?page_id=23411","title":{"rendered":"ZIO\/WBIF"},"content":{"rendered":"<p style=\"text-align: justify;\"><span style=\"color: #0000ff;\"><strong>Zapadnobalkanski investicioni okvir (Western Balkans Investment Framework)<\/strong><\/span>\u00a0oformila je Evropska komisija i me\u0111unarodne finansijske institucije, koje predstavljaju vode\u0107e\u00a0 subjekte u obezbje\u0111ivanju donacija i razvojnih investicija u regionu. Cilj ovog instrumenta je stvaranje ve\u0107e sinergije izme\u0111u donatora i investitora, kako bi zemlje korisnice iskoristile sredstva na \u0161to efikasniji na\u010din. U okviru Zapadnobalkanskog investicionog okvira (ZIO) \u00a0mogu\u0107e je predlo\u017eiti projekte na nacionalnom i regionalnom nivou iz oblasti \u017eivotne sredine, energetike i energetske efikasnosti, saobra\u0107aja, dru\u0161tvenih djelatnosti i digitalne infrastrukture. Posredstvom ovog instrumenta Evropska komisija odobrava bespovratna sredstva za finansiranje pripreme projektne dokumentacije i obezbje\u0111ivanje tehni\u010dkih preduslova za po\u010detak sprovo\u0111enja projekata, dok se sprovo\u0111enje projekta finansira kroz kreditna sredstva me\u0111unarodnih finansijskih institucija i eventualno kroz bespovratna sredstva EU.<\/p>\n<p style=\"text-align: justify;\">Ministarstvo evropskih poslova (Kancelarija nacionalnog koordinatora za Ipu)\u00a0je zadu\u017eena za koordinaciju procesa programiranja i pra\u0107enja sprovo\u0111enja svih projekata koji se finansiraju kroz ZIO;<\/p>\n<p style=\"text-align: justify;\">Proces predlaganja projekta podrazumijeva da:<\/p>\n<ol style=\"text-align: justify;\">\n<li><strong> Prijavitelji projekta u fazi pripreme projektne prijave aktivno sara\u0111uju s resornim ministarstvom u odre\u0111enoj oblasti kako bi se definisala lista prioritetnih projekata u skladu s prioritetima definisanim Jedinstvenom listom prioritetnih infrastrukturnih projekata<\/strong><\/li>\n<li><strong> Prijedlozi projekata dobiju podr\u0161ku od strane jedne me\u0111unarodne finansijske institucije (Evropska investiciona banka, Evropska banka za obnovu i razvoj, Razvojna Banka Savjeta Evrope, Njema\u010dka razvojna banka, Francuska razvojna agencija ili Svjetska banka)<\/strong><\/li>\n<li><strong> Resorno ministarstvo obavi konsultacije s Ministarstvom finansija o planiranju bud\u017eeta i iznosu zadu\u017eivanja<\/strong><\/li>\n<li><strong> Projektne predloge resorno ministarstvo dostavlja Kancelariji nacionalnog koordinatora za Ipu, nakon \u010dega se paket predlo\u017eenih projekata dostavlja Evropskoj komisiji<\/strong><\/li>\n<li><strong> Grupa finansijera projekata (Project financiers group \u2013 PFG) koja je sa\u010dinjena od predstavnika Evropske komisije i me\u0111unarodnih finansijskih institucija na zatvorenim sjednicama odlu\u010duje koji \u0107e projekti biti podr\u017eani<\/strong><\/li>\n<li><strong> Operativni odbor u kojem u\u010destvuju predstavnici dr\u017eava korisnica, Evropske komisije i me\u0111unarodnih finansijskih institucija zvani\u010dno usvaja projekte odobrene od strane PFG<\/strong><\/li>\n<\/ol>\n<p style=\"text-align: justify;\">Crnoj Gori je u okviru Zapadnobalkanskog investicionog okvira (ZIO), uklju\u010duju\u0107i i projekte u okviru Berlinskog procesa, dodijeljeno oko\u00a0<span style=\"color: #0000ff;\"><strong>408,5 miliona eura<\/strong><\/span>. Od ovog iznosa, kada je u pitanju priprema projektne dokumentacije, u okviru trideset poziva za podr\u0161ku pripremi projektne dokumentacije, Crnoj Gori je odobreno\u00a0<span style=\"color: #0000ff;\">50 nacionalnih projekata<\/span>, ukupne vrijednosti <span style=\"color: #0000ff;\">64,75 miliona eura<\/span>\u00a0koji se implementiraju kroz Instrument za infrastrukturne projekte \u2013 IPF.<\/p>\n<p style=\"text-align: justify;\">Vi\u0161e informacija o instrumentu mo\u017eete na\u0107i na sajtu:\u00a0<a href=\"http:\/\/www.wbif.eu\/\">www.wbif.eu<\/a><\/p>\n","protected":false},"excerpt":{"rendered":"<p>Zapadnobalkanski investicioni okvir (Western Balkans Investment Framework)\u00a0oformila je Evropska komisija i me\u0111unarodne finansijske institucije, koje predstavljaju vode\u0107e\u00a0 subjekte u obezbje\u0111ivanju donacija i razvojnih investicija u regionu. Cilj ovog instrumenta je stvaranje ve\u0107e sinergije izme\u0111u donatora i investitora, kako bi zemlje korisnice iskoristile sredstva na \u0161to efikasniji na\u010din. U okviru Zapadnobalkanskog investicionog okvira (ZIO) \u00a0mogu\u0107e je [&hellip;]<\/p>\n","protected":false},"author":31,"featured_media":0,"parent":0,"menu_order":0,"comment_status":"closed","ping_status":"closed","template":"","meta":{"footnotes":""},"categories":[957],"tags":[],"class_list":{"0":"post-23411","1":"page","2":"type-page","3":"status-publish","5":"category-ipa-1"},"lang":"bs","translations":{"en":31334,"bs":23411},"pll_sync_post":[],"_links":{"self":[{"href":"https:\/\/eume-new.webexperts.me\/index.php?rest_route=\/wp\/v2\/pages\/23411","targetHints":{"allow":["GET"]}}],"collection":[{"href":"https:\/\/eume-new.webexperts.me\/index.php?rest_route=\/wp\/v2\/pages"}],"about":[{"href":"https:\/\/eume-new.webexperts.me\/index.php?rest_route=\/wp\/v2\/types\/page"}],"author":[{"embeddable":true,"href":"https:\/\/eume-new.webexperts.me\/index.php?rest_route=\/wp\/v2\/users\/31"}],"replies":[{"embeddable":true,"href":"https:\/\/eume-new.webexperts.me\/index.php?rest_route=%2Fwp%2Fv2%2Fcomments&post=23411"}],"version-history":[{"count":7,"href":"https:\/\/eume-new.webexperts.me\/index.php?rest_route=\/wp\/v2\/pages\/23411\/revisions"}],"predecessor-version":[{"id":31254,"href":"https:\/\/eume-new.webexperts.me\/index.php?rest_route=\/wp\/v2\/pages\/23411\/revisions\/31254"}],"wp:attachment":[{"href":"https:\/\/eume-new.webexperts.me\/index.php?rest_route=%2Fwp%2Fv2%2Fmedia&parent=23411"}],"wp:term":[{"taxonomy":"category","embeddable":true,"href":"https:\/\/eume-new.webexperts.me\/index.php?rest_route=%2Fwp%2Fv2%2Fcategories&post=23411"},{"taxonomy":"post_tag","embeddable":true,"href":"https:\/\/eume-new.webexperts.me\/index.php?rest_route=%2Fwp%2Fv2%2Ftags&post=23411"}],"curies":[{"name":"wp","href":"https:\/\/api.w.org\/{rel}","templated":true}]}}