{"id":21083,"date":"2020-07-14T09:31:58","date_gmt":"2020-07-14T09:31:58","guid":{"rendered":"https:\/\/www.eume.webexperts.me\/?page_id=21083"},"modified":"2020-10-25T20:55:55","modified_gmt":"2020-10-25T20:55:55","slug":"dokumenti-psp","status":"publish","type":"page","link":"https:\/\/eume-new.webexperts.me\/?page_id=21083","title":{"rendered":"Dokumenti PSP"},"content":{"rendered":"<script type=\"text\/x-handlebars-template\" id=\"wpfd-template-tree-box\">    {{#with file}}    <div class=\"dropblock\">        <a href=\"javascript:void(0)\" class=\"wpfd-close\"><\/a>        <div class=\"filecontent\">            <div class=\"ext ext-{{ext}} wpfd-icon-set-svg\"><span class=\"txt\">{{ext}}<\/span><\/div><h3><a href=\"{{linkdownload}}\"   class=\"wpfd_downloadlink\" title=\"{{post_title}}\" target=\"{{#if remote_file}}_blank{{\/if}}\">{{{crop_title}}}<\/a><\/h3>            <div class=\"wpfd-extra\">                <div class=\"file-size\"><span>Veli\u010dina:<\/span> {{bytesToSize size}}<\/div>            <\/div>        <\/div>        <div class=\"extra-downloadlink\"><a class=\"downloadlink wpfd_downloadlink\"  href=\"{{linkdownload}}\"  style=\"background-color:#76bc58;color:#ffffff;\" target=\"{{#if remote_file}}_blank{{\/if}}\">Preuzmi<i class=\"zmdi zmdi-cloud-download wpfd-download\"><\/i><\/a>{{#if openpdflink}}<a class=\"openlink wpfdlightbox wpfd_previewlink\" href=\"{{openpdflink}}\"  target=\"\">Pogledaj                            <i class=\"zmdi zmdi-filter-center-focus wpfd-preview\"><\/i>                        <\/a>{{else}}{{#if viewerlink}}<a                            href=\"{{viewerlink}}\"                                                        class=\"openlink wpfdlightbox wpfd_previewlink\"                            target=\"\"                            data-id=\"{{ID}}\"                            data-catid=\"{{catid}}\"                            data-file-type=\"{{ext}}\">Pogledaj<i class=\"zmdi zmdi-filter-center-focus wpfd-preview\"><\/i>                        <\/a>{{\/if}}{{\/if}}<\/div>    {{\/with}}<\/script>    <script type=\"text\/x-handlebars-template\" id=\"wpfd-template-tree-categories\">        {{#if categories}}        {{#each categories}}        <li class=\"directory collapsed\">            <a class=\"catlink\" href=\"#\" data-idcat=\"{{termID}}\">                <div class=\"icon-open-close\" data-id=\"{{termID}}\"><\/div>                <i class=\"zmdi zmdi-folder wpfd-folder\" style=\"color: {{color}}\"><\/i>                <span>{{name}}<\/span>            <\/a>        <\/li>        {{\/each}}        {{\/if}}    <\/script><script type=\"text\/x-handlebars-template\" id=\"wpfd-template-tree-files\">    {{#if files}}    {{#each files}}    <li class=\"ext {{ext}}\">                    <i class=\"wpfd-file ext ext-{{ext}} wpfd-icon-set-svg\"><\/i>                                    <a class=\"wpfd-file-link\" data-category_id=\"{{catid}}\" href=\"#\" data-id=\"{{ID}}\"               title=\"{{post_title}}\">{{{crop_title}}}<\/a>            <\/li>    {{\/each}}    <\/div>    {{\/if}}<\/script><div class=\"wpfd-content wpfd-content-tree wpfd-content-category-normal wpfd-content-without-download-selected wpfd-content-multi\" data-category=\"1593\"             style=\"background-color: transparent\"><input type=\"hidden\" id=\"current_category_1593\" value=\"1593\" \/>                    <input type=\"hidden\" id=\"current_category_slug_1593\" value=\"sporazum-o-stabilizaciji-i-pridruzivanju\" \/>                    <input type=\"hidden\" id=\"current_ordering_1593\" value=\"title\" \/>                    <input type=\"hidden\" id=\"current_ordering_direction_1593\" value=\"asc\" \/>                    <input type=\"hidden\" id=\"page_limit_1593\" value=\"100\" \/><input type=\"hidden\" id=\"wpfd_display_empty_category_message\" value=\"0\" \/><input type=\"hidden\" id=\"wpfd_empty_category_message_val\" value=\"This file category has no files to display\" \/><input type=\"hidden\" id=\"wpfd_display_empty_folder\" value=\"1\" \/><input type=\"hidden\" id=\"wpfd_is_empty_subcategories\" value=\"1\" \/><input type=\"hidden\" id=\"wpfd_is_empty_files\" value=\"1\" \/><input type=\"hidden\" id=\"wpfd_root_category_id\" class=\"wpfd_root_category_id\" value=\"1593\" \/><input type=\"hidden\" id=\"wpfd_root_category_theme\" class=\"wpfd_root_category_theme\" value=\"tree\" \/><input type=\"hidden\" id=\"wpfd_root_category_clone_theme_type\" class=\"wpfd_root_category_clone_theme_type\" value=\"none\" \/><input type=\"hidden\" id=\"wpfd_root_category_type\" class=\"wpfd_root_category_type\" value=\"1593\" \/><input type=\"hidden\" id=\"wpfd_category_notify_file_changes\" class=\"wpfd_category_notify_file_changes\" value=\"0\" \/><input type=\"hidden\" id=\"wpfd_global_notify_file_changes\" class=\"wpfd_global_notify_file_changes\" value=\"0\" \/><input type=\"hidden\" id=\"wpfd_download_selected\" class=\"wpfd_download_selected\" value=\"0\" \/><input type=\"hidden\" id=\"wpfd_user_login\" class=\"wpfd_user_login\" value=\"0\" \/><div class=\"wpfd-content-header-section\"><div class=\"wpfd-header-btn-group\"><a class=\"wpfd-category-mail-subscribe-all\" href=\"#\" style=\"display: none\">Email Subscribe All<\/a><\/div><ul class=\"breadcrumbs wpfd-breadcrumbs-tree head-category-tree\">                            <li class=\"active\">Sporazum o stabilizaciji i pridru\u017eivanju<\/li>                        <\/ul><\/div><h2 class=\"wpfd-category-theme-title\">Sporazum o stabilizaciji i pridru\u017eivanju<\/h2><ul class=\"wpfd-tree-categories-files\">                                                        <li class=\"directory collapsed\">                    <a class=\"catlink\" href=\"#\" data-idcat=\"1599\">                        <div class=\"icon-open-close\" data-id=\"1599\"><\/div>                        <i class=\"zmdi zmdi-folder wpfd-folder\" style=\"color: \"><\/i>                        <span>Izvje\u0161taji sa sastanaka radnih tijela formiranih na osnovu SSP-a<\/span>                    <\/a>                <\/li>                                            <li class=\"directory collapsed\">                    <a class=\"catlink\" href=\"#\" data-idcat=\"1594\">                        <div class=\"icon-open-close\" data-id=\"1594\"><\/div>                        <i class=\"zmdi zmdi-folder wpfd-folder\" style=\"color: \"><\/i>                        <span>Godi\u0161nji izvje\u0161taji o realizaciji obaveza iz Sporazuma o stabilizaciji i pridru\u017eivanju<\/span>                    <\/a>                <\/li>                                            <li class=\"directory collapsed\">                    <a class=\"catlink\" href=\"#\" data-idcat=\"1595\">                        <div class=\"icon-open-close\" data-id=\"1595\"><\/div>                        <i class=\"zmdi zmdi-folder wpfd-folder\" style=\"color: \"><\/i>                        <span>Polugodi\u0161nji izvje\u0161taji o toku evropskih integracija Crne Gore<\/span>                    <\/a>                <\/li>                                            <li class=\"directory collapsed\">                    <a class=\"catlink\" href=\"#\" data-idcat=\"1596\">                        <div class=\"icon-open-close\" data-id=\"1596\"><\/div>                        <i class=\"zmdi zmdi-folder wpfd-folder\" style=\"color: \"><\/i>                        <span>Kvartalni izvje\u0161taj o ukupnim aktivnostima u okviru procesa EI\u00a0<\/span>                    <\/a>                <\/li>                                                    <li class=\"ext pdf\">                                    <i class=\"wpfd-file ext ext-pdf wpfd-icon-set-svg\"><\/i>                                <a class=\"wpfd-file-link\" href=\"#\" data-category_id=\"1593\"                   data-id=\"19558\"                   title=\"Odluka o strukturi za sprovo\u0111enje Sporazuma o stabilizaciji i pridru\u017eivanju\" target=\"\">Odluka o strukturi za sprovo\u0111enje Sporazuma o stabilizaciji i pridru\u017eivanju<\/a>            <\/li>                                            <li class=\"ext pdf\">                                    <i class=\"wpfd-file ext ext-pdf wpfd-icon-set-svg\"><\/i>                                <a class=\"wpfd-file-link\" href=\"#\" data-category_id=\"1593\"                   data-id=\"19557\"                   title=\"Sporazum o stabilizaciji i pridru\u017eivanju izme\u0111u Evropskih zajednica i njihovih dr\u017eava \u010dlanica, s jedne strane i Republike Crne Gore, sa druge strane\" target=\"\">Sporazum o stabilizaciji i pridru\u017eivanju izme\u0111u Evropskih zajednica i njihovih dr\u017eava \u010dlanica, s jedne strane i Republike Crne Gore, sa druge strane<\/a>            <\/li>                        <\/ul><\/div>\n","protected":false},"excerpt":{"rendered":"","protected":false},"author":31,"featured_media":0,"parent":0,"menu_order":0,"comment_status":"closed","ping_status":"closed","template":"","meta":{"footnotes":""},"categories":[],"tags":[],"class_list":["post-21083","page","type-page","status-publish"],"lang":"bs","translations":{"bs":21083},"pll_sync_post":[],"_links":{"self":[{"href":"https:\/\/eume-new.webexperts.me\/index.php?rest_route=\/wp\/v2\/pages\/21083","targetHints":{"allow":["GET"]}}],"collection":[{"href":"https:\/\/eume-new.webexperts.me\/index.php?rest_route=\/wp\/v2\/pages"}],"about":[{"href":"https:\/\/eume-new.webexperts.me\/index.php?rest_route=\/wp\/v2\/types\/page"}],"author":[{"embeddable":true,"href":"https:\/\/eume-new.webexperts.me\/index.php?rest_route=\/wp\/v2\/users\/31"}],"replies":[{"embeddable":true,"href":"https:\/\/eume-new.webexperts.me\/index.php?rest_route=%2Fwp%2Fv2%2Fcomments&post=21083"}],"version-history":[{"count":0,"href":"https:\/\/eume-new.webexperts.me\/index.php?rest_route=\/wp\/v2\/pages\/21083\/revisions"}],"wp:attachment":[{"href":"https:\/\/eume-new.webexperts.me\/index.php?rest_route=%2Fwp%2Fv2%2Fmedia&parent=21083"}],"wp:term":[{"taxonomy":"category","embeddable":true,"href":"https:\/\/eume-new.webexperts.me\/index.php?rest_route=%2Fwp%2Fv2%2Fcategories&post=21083"},{"taxonomy":"post_tag","embeddable":true,"href":"https:\/\/eume-new.webexperts.me\/index.php?rest_route=%2Fwp%2Fv2%2Ftags&post=21083"}],"curies":[{"name":"wp","href":"https:\/\/api.w.org\/{rel}","templated":true}]}}